{"id":270,"date":"2018-08-01T03:09:31","date_gmt":"2018-08-01T03:09:31","guid":{"rendered":"http:\/\/demo.casethemes.net\/unfinityplus-finance\/?page_id=270"},"modified":"2026-04-15T17:33:00","modified_gmt":"2026-04-15T17:33:00","slug":"home","status":"publish","type":"page","link":"https:\/\/physiotherapie-anett-balsthal.ch\/hu\/","title":{"rendered":"Home"},"content":{"rendered":"<section class=\"wpb-content-wrapper\">[vc_row full_width=&#8221;stretch_row&#8221; content_placement=&#8221;middle&#8221; el_id=&#8221;section-home&#8221;][vc_column][rev_slider_vc alias=&#8221;home-1-1&#8243;][\/vc_column][\/vc_row][vc_row full_width=&#8221;stretch_row&#8221; css=&#8221;.vc_custom_1681768230102{padding-top: 20px !important;padding-bottom: 20px !important;}&#8221;][vc_column css=&#8221;.vc_custom_1676327623202{padding-top: 40px !important;padding-bottom: 10px !important;}&#8221;][cms_heading text=&#8221;Szeretettel k\u00f6sz\u00f6ntj\u00fck az oldalon!&#8221; align_lg=&#8221;align-center&#8221; align_md=&#8221;align-center-md&#8221; align_sm=&#8221;align-center-sm&#8221; align_xs=&#8221;align-center-xs&#8221; font_size=&#8221;48&#8243; font_size_md=&#8221;48&#8243; font_size_sm=&#8221;48&#8243; font_size_xs=&#8221;48&#8243; font_weight=&#8221;400&#8243; divider=&#8221;divider3&#8243; text_color=&#8221;#53c1bc&#8221; custom_fonts=&#8221;true&#8221; google_fonts=&#8221;font_family:Playfair%20Display%3Aregular%2Citalic%2C700%2C700italic%2C900%2C900italic|font_style:700%20bold%20regular%3A700%3Anormal&#8221;][vc_row_inner css=&#8221;.vc_custom_1681005315084{padding-top: 20px !important;}&#8221;][vc_column_inner animation_column=&#8221;fadeInUp&#8221;][vc_column_text css_animation=&#8221;right-to-left&#8221; css=&#8221;.vc_custom_1776274368794{padding-left: 20px !important;}&#8221;]\n<h4 style=\"text-align: center; color: #ef82a2;\">Mozogjon \u00fajra f\u00e1jdalom n\u00e9lk\u00fcl-szak\u00e9rtelemmel \u00e9s szem\u00e9lyre szabott fizioter\u00e1pi\u00e1val<\/h4>\n<p style=\"text-align: center;\">Modern fizioter\u00e1pia, szem\u00e9lyre szabott kezel\u00e9sek \u00e9s sz\u00e9les ter\u00e1pi\u00e1s lehet\u0151s\u00e9gek<br \/>\na <strong>Physiotherapie Anett T\u00f3th<\/strong> praxisban Balsthalban.<\/p>\n<p style=\"text-align: center;\">A f\u00e1jdalom nem kell, hogy a mindennapok r\u00e9sze legyen. Praxisunkban az\u00e9rt dolgozunk, hogy p\u00e1cienseink visszanyerj\u00e9k a mozg\u00e1s szabads\u00e1g\u00e1t, javuljon az \u00e9letmin\u0151s\u00e9g\u00fck, \u00e9s \u00fajra magabiztosan haszn\u00e1lhass\u00e1k test\u00fcket.<br \/>\nMinden kezel\u00e9s alapja a <strong>r\u00e9szletes vizsg\u00e1lat \u00e9s az egy\u00e9ni ter\u00e1pi\u00e1s terv<\/strong>. A k\u00fcl\u00f6nb\u00f6z\u0151 modern fizioter\u00e1pi\u00e1s m\u00f3dszerek seg\u00edts\u00e9g\u00e9vel c\u00e9lzottan kezelj\u00fck a probl\u00e9m\u00e1k ok\u00e1t, nem csak a t\u00fcneteket.<br \/>\nPraxisunkban <strong>sokr\u00e9t\u0171 kezel\u00e9si lehet\u0151s\u00e9gek<\/strong> \u00e1llnak rendelkez\u00e9sre, t\u00f6bbek k\u00f6z\u00f6tt manu\u00e1lis ter\u00e1pi\u00e1k, fasciakezel\u00e9sek, McKenzie- \u00e9s Dorn-m\u00f3dszer, kinesio taping, sportrehabilit\u00e1ci\u00f3, valamint <strong>modern g\u00e9pi kezel\u00e9sek<\/strong> (l\u00f6k\u00e9shull\u00e1m-ter\u00e1pia, elektroter\u00e1pia, ultrahang), amelyek hat\u00e9konyan t\u00e1mogatj\u00e1k a gy\u00f3gyul\u00e1st \u00e9s a regener\u00e1ci\u00f3t.<\/p>\n<p>&nbsp;<\/p>\n<h4 style=\"text-align: center; color: #ef82a2;\">\u00dajdons\u00e1g praxisunkban \u2013 2026 m\u00e1jus\u00e1t\u00f3l<\/h4>\n<p style=\"text-align: center;\"><strong>Schroth-ter\u00e1pia<\/strong><\/p>\n<p style=\"text-align: center;\">Speci\u00e1lis h\u00e1romdimenzi\u00f3s gerincter\u00e1pia, scoliosis \u00e9s tart\u00e1shib\u00e1k kezel\u00e9s\u00e9re.<\/p>\n<p>&nbsp;<\/p>\n<p style=\"text-align: center;\"><strong>Gyermekfizioter\u00e1pia<br \/>\n<\/strong><br \/>\n<em>&#8220;A mozg\u00e1s az els\u0151 nyelv, amelyen a gyermekek a vil\u00e1ggal kommunik\u00e1lnak.&#8221;<\/em><\/p>\n<p style=\"text-align: center;\">Csecsem\u0151k \u00e9s gyermekek mozg\u00e1sfejl\u0151d\u00e9s\u00e9nek t\u00e1mogat\u00e1sa, mozg\u00e1sszervi probl\u00e9m\u00e1k korai felismer\u00e9se \u00e9s kezel\u00e9se.<br \/>\nSpeci\u00e1lis m\u00f3dszereink:<br \/>\n(Gyermek FDM-ter\u00e1pia, Baba-FDM ter\u00e1pia, Baba viscer\u00e1lis ter\u00e1pia, MAES-ter\u00e1pia)<\/p>\n<p>&nbsp;<\/p>\n<h4 style=\"text-align: center; color: #ef82a2;\">Szem\u00e9lyre szabott fizioter\u00e1pia minden \u00e9letkorban<\/h4>\n<p style=\"text-align: center;\">Praxisunkban a <strong>bab\u00e1kt\u00f3l a sportol\u00f3kig, a fiatalokt\u00f3l az id\u0151sebb koroszt\u00e1lyig<\/strong> minden p\u00e1ciens egy\u00e9ni figyelmet \u00e9s szem\u00e9lyre szabott kezel\u00e9st kap.<br \/>\nHisz\u00fcnk abban, hogy a szakmai tapasztalat, a modern ter\u00e1pi\u00e1s m\u00f3dszerek \u00e9s az empatikus hozz\u00e1\u00e1ll\u00e1s egy\u00fctt vezetnek a legjobb eredm\u00e9nyhez.<br \/>\nSzeretettel v\u00e1rjuk praxisunkban, <strong>Balsthal sz\u00edv\u00e9ben<\/strong>.<\/p>\n[\/vc_column_text][\/vc_column_inner][\/vc_row_inner][\/vc_column][\/vc_row][vc_row full_width=&#8221;stretch_row&#8221; css=&#8221;.vc_custom_1681950912218{padding-top: 40px !important;padding-bottom: 20px !important;}&#8221;][vc_column width=&#8221;1\/3&#8243;][vc_single_image image=&#8221;1425&#8243; img_size=&#8221;large&#8221; alignment=&#8221;center&#8221; onclick=&#8221;custom_link&#8221; css_animation=&#8221;left-to-right&#8221; link=&#8221;\/hu\/szolgaltatasok&#8221;][\/vc_column][vc_column width=&#8221;1\/3&#8243;][vc_single_image image=&#8221;1424&#8243; img_size=&#8221;large&#8221; alignment=&#8221;center&#8221; onclick=&#8221;custom_link&#8221; css_animation=&#8221;left-to-right&#8221; link=&#8221;\/hu\/appointment&#8221;][\/vc_column][vc_column width=&#8221;1\/3&#8243;][vc_single_image image=&#8221;1423&#8243; img_size=&#8221;large&#8221; alignment=&#8221;center&#8221; onclick=&#8221;custom_link&#8221; css_animation=&#8221;right-to-left&#8221; link=&#8221;\/hu\/gyik&#8221;][\/vc_column][\/vc_row][vc_row full_width=&#8221;stretch_row&#8221; parallax=&#8221;content-moving&#8221; parallax_image=&#8221;238&#8243; parallax_speed_bg=&#8221;1.8&#8243; ct_row_class=&#8221;row-overlay&#8221; cms_row_class=&#8221;row-overlay&#8221; css=&#8221;.vc_custom_1681777955380{padding-top: 30px !important;padding-bottom: 20px !important;}&#8221; el_id=&#8221;kapcsolat&#8221;][vc_column width=&#8221;1\/2&#8243; css=&#8221;.vc_custom_1533033549183{padding-top: 40px !important;}&#8221;][vc_gmaps link=&#8221;#E-8_JTNDaWZyYW1lJTIwc3JjJTNEJTIyaHR0cHMlM0ElMkYlMkZ3d3cuZ29vZ2xlLmNvbSUyRm1hcHMlMkZlbWJlZCUzRnBiJTNEJTIxMW0xOCUyMTFtMTIlMjExbTMlMjExZDI3MDQuOTc4MjgzMzg2MTI4NiUyMTJkNy42OTA3NDU1MTU2MjAzOTclMjEzZDQ3LjMxNDc2Mjc3OTE2NjMzJTIxMm0zJTIxMWYwJTIxMmYwJTIxM2YwJTIxM20yJTIxMWkxMDI0JTIxMmk3NjglMjE0ZjEzLjElMjEzbTMlMjExbTIlMjExczB4NDc5MWQyNGUxMGRjYjk0ZiUyNTNBMHhmMjM0YjA2NTRmNTIzNjgyJTIxMnNGYWxrZW5zdGVpbmVyc3RyYXNzZSUyNTIwMTYlMjUyQyUyNTIwNDcxMCUyNTIwQmFsc3RoYWwlMjUyQyUyNTIwU3YlMjVDMyUyNUExamMlMjE1ZTAlMjEzbTIlMjExc2h1JTIxMnNlcyUyMTR2MTY4MDc0MDkzNTUwNSUyMTVtMiUyMTFzaHUlMjEyc2VzJTIyJTIwd2lkdGglM0QlMjI2MDAlMjIlMjBoZWlnaHQlM0QlMjI2MzUlMEElMjIlMjBzdHlsZSUzRCUyMmJvcmRlciUzQTAlM0IlMjIlMjBhbGxvd2Z1bGxzY3JlZW4lM0QlMjIlMjIlMjBsb2FkaW5nJTNEJTIybGF6eSUyMiUyMHJlZmVycmVycG9saWN5JTNEJTIybm8tcmVmZXJyZXItd2hlbi1kb3duZ3JhZGUlMjIlM0UlM0MlMkZpZnJhbWUlM0U=&#8221;][\/vc_column][vc_column width=&#8221;1\/2&#8243; css=&#8221;.vc_custom_1676298113162{margin-top: -5px !important;padding-top: 40px !important;}&#8221;][cms_heading text=&#8221;Kapcsolat,<\/p>\n<p>Visszah\u00edv\u00e1s k\u00e9r\u00e9s&#8221; font_size=&#8221;45&#8243; font_size_md=&#8221;45&#8243; font_size_sm=&#8221;45&#8243; font_size_xs=&#8221;45&#8243; font_weight=&#8221;700&#8243; divider=&#8221;divider3&#8243; text_color=&#8221;#53c1bc&#8221; description=&#8221;K\u00e9rj\u00fck adja meg adatait \u00e9s \u00fczenet\u00e9t, visszah\u00edvjuk \u00d6nt!&#8221; description_color=&#8221;#6a6a6a&#8221; margin_bottom=&#8221;17&#8243;][vc_empty_space height=&#8221;26px&#8221;][cms_contact_form id=&#8221;767&#8243; form_style=&#8221;form-style6&#8243;][\/vc_column][\/vc_row][vc_row full_width=&#8221;stretch_row&#8221; parallax=&#8221;content-moving&#8221; parallax_image=&#8221;238&#8243; parallax_speed_bg=&#8221;1.8&#8243; ct_row_class=&#8221;row-overlay&#8221; cms_row_class=&#8221;row-overlay&#8221; css=&#8221;.vc_custom_1681777968104{padding-bottom: 40px !important;}&#8221;][vc_column][cms_heading text=&#8221;Kapcsolat&#8221; align_lg=&#8221;align-center&#8221; align_md=&#8221;align-center-md&#8221; align_sm=&#8221;align-center-sm&#8221; align_xs=&#8221;align-center-xs&#8221; font_size=&#8221;45&#8243; font_size_md=&#8221;45&#8243; font_size_sm=&#8221;45&#8243; font_size_xs=&#8221;45&#8243; font_weight=&#8221;700&#8243; divider=&#8221;divider3&#8243; text_color=&#8221;#53c1bc&#8221; margin_top=&#8221;0&#8243; margin_right=&#8221;0&#8243; margin_bottom=&#8221;0&#8243; margin_left=&#8221;0&#8243;][\/vc_column][vc_column width=&#8221;1\/3&#8243;][vc_column_text css_animation=&#8221;bottom-to-top&#8221;]\n<p style=\"text-align: left;\"><img loading=\"lazy\" decoding=\"async\" class=\"alignnone size-full wp-image-1178\" src=\"https:\/\/physiotherapie-anett-balsthal.ch\/hu\/wp-content\/uploads\/2023\/04\/pin.png\" alt=\"\" width=\"15\" height=\"19\" \/>\u00a0 Falkensteinerstrasse 16d, Balsthal, 4710<\/p>\n<p style=\"text-align: left;\"><img loading=\"lazy\" decoding=\"async\" class=\"alignnone size-full wp-image-1176\" src=\"https:\/\/physiotherapie-anett-balsthal.ch\/hu\/wp-content\/uploads\/2023\/04\/mail.png\" alt=\"\" width=\"15\" height=\"19\" \/>\u00a0 E-mail: <a href=\"mailto:atoth.physio@gmail.com\">atoth.physio@gmail.com<\/a><\/p>\n<p style=\"text-align: left; padding-left: 81px;\"><a href=\"mailto:atoth@physio-hin.ch\">atoth@physio-hin.ch<\/a><\/p>\n<p style=\"text-align: left;\"><img loading=\"lazy\" decoding=\"async\" class=\"alignnone size-full wp-image-1177\" src=\"https:\/\/physiotherapie-anett-balsthal.ch\/hu\/wp-content\/uploads\/2023\/04\/phone.png\" alt=\"\" width=\"15\" height=\"19\" \/>\u00a0 Tel: +41 76 249 29 46, +41 77 520 01 66<\/p>\n[\/vc_column_text][\/vc_column][vc_column width=&#8221;1\/3&#8243;][vc_column_text css_animation=&#8221;bottom-to-top&#8221;]\n<p style=\"text-align: center;\"><strong>Nyitvatart\u00e1si id\u0151: <\/strong><\/p>\n<p style=\"text-align: center;\">H\u00e9tf\u0151-P\u00e9ntek:\u00a0 7:00 &#8211; 19:00<\/p>\n[\/vc_column_text][\/vc_column][vc_column width=&#8221;1\/3&#8243;][vc_column_text css_animation=&#8221;bottom-to-top&#8221;]\n<p style=\"text-align: left;\"><a href=\"\/impresszum\" target=\"_blank\" rel=\"noopener\">Impresszum<\/a><\/p>\n<p style=\"text-align: left;\"><a href=\"\/adatvedelmi_nyilatkozat\" target=\"_blank\" rel=\"noopener\">Adatv\u00e9delmi nyilatkozat<\/a><\/p>\n[\/vc_column_text][\/vc_column][\/vc_row]\n<\/section>","protected":false},"excerpt":{"rendered":"<p>[vc_row full_width=&#8221;stretch_row&#8221; content_placement=&#8221;middle&#8221; el_id=&#8221;section-home&#8221;][vc_column][rev_slider_vc alias=&#8221;home-1-1&#8243;][\/vc_column][\/vc_row][vc_row full_width=&#8221;stretch_row&#8221; css=&#8221;.vc_custom_1681768230102{padding-top: 20px !important;padding-bottom: 20px !important;}&#8221;][vc_column css=&#8221;.vc_custom_1676327623202{padding-top: 40px !important;padding-bottom: 10px !important;}&#8221;][cms_heading text=&#8221;Szeretettel k\u00f6sz\u00f6ntj\u00fck az oldalon!&#8221; align_lg=&#8221;align-center&#8221; align_md=&#8221;align-center-md&#8221; align_sm=&#8221;align-center-sm&#8221; align_xs=&#8221;align-center-xs&#8221; font_size=&#8221;48&#8243; font_size_md=&#8221;48&#8243; font_size_sm=&#8221;48&#8243; font_size_xs=&#8221;48&#8243; font_weight=&#8221;400&#8243; divider=&#8221;divider3&#8243; text_color=&#8221;#53c1bc&#8221; custom_fonts=&#8221;true&#8221; google_fonts=&#8221;font_family:Playfair%20Display%3Aregular%2Citalic%2C700%2C700italic%2C900%2C900italic|font_style:700%20bold%20regular%3A700%3Anormal&#8221;][vc_row_inner css=&#8221;.vc_custom_1681005315084{padding-top: 20px !important;}&#8221;][vc_column_inner animation_column=&#8221;fadeInUp&#8221;][vc_column_text css_animation=&#8221;right-to-left&#8221; css=&#8221;.vc_custom_1776274368794{padding-left: 20px !important;}&#8221;] Mozogjon \u00fajra f\u00e1jdalom n\u00e9lk\u00fcl-szak\u00e9rtelemmel \u00e9s szem\u00e9lyre szabott fizioter\u00e1pi\u00e1val Modern fizioter\u00e1pia, szem\u00e9lyre szabott kezel\u00e9sek \u00e9s [&hellip;]<\/p>\n","protected":false},"author":4,"featured_media":0,"parent":0,"menu_order":0,"comment_status":"closed","ping_status":"closed","template":"","meta":{"footnotes":""},"class_list":["post-270","page","type-page","status-publish","hentry"],"_links":{"self":[{"href":"https:\/\/physiotherapie-anett-balsthal.ch\/hu\/wp-json\/wp\/v2\/pages\/270","targetHints":{"allow":["GET"]}}],"collection":[{"href":"https:\/\/physiotherapie-anett-balsthal.ch\/hu\/wp-json\/wp\/v2\/pages"}],"about":[{"href":"https:\/\/physiotherapie-anett-balsthal.ch\/hu\/wp-json\/wp\/v2\/types\/page"}],"author":[{"embeddable":true,"href":"https:\/\/physiotherapie-anett-balsthal.ch\/hu\/wp-json\/wp\/v2\/users\/4"}],"replies":[{"embeddable":true,"href":"https:\/\/physiotherapie-anett-balsthal.ch\/hu\/wp-json\/wp\/v2\/comments?post=270"}],"version-history":[{"count":234,"href":"https:\/\/physiotherapie-anett-balsthal.ch\/hu\/wp-json\/wp\/v2\/pages\/270\/revisions"}],"predecessor-version":[{"id":1763,"href":"https:\/\/physiotherapie-anett-balsthal.ch\/hu\/wp-json\/wp\/v2\/pages\/270\/revisions\/1763"}],"wp:attachment":[{"href":"https:\/\/physiotherapie-anett-balsthal.ch\/hu\/wp-json\/wp\/v2\/media?parent=270"}],"curies":[{"name":"wp","href":"https:\/\/api.w.org\/{rel}","templated":true}]}}