{"id":1745,"date":"2026-04-14T18:46:14","date_gmt":"2026-04-14T18:46:14","guid":{"rendered":"https:\/\/physiotherapie-anett-balsthal.ch\/hu\/?page_id=1745"},"modified":"2026-04-14T19:29:58","modified_gmt":"2026-04-14T19:29:58","slug":"gyermekfizioterapia","status":"publish","type":"page","link":"https:\/\/physiotherapie-anett-balsthal.ch\/hu\/gyermekfizioterapia\/","title":{"rendered":"Gyermekfizioter\u00e1pia"},"content":{"rendered":"<section class=\"wpb-content-wrapper\">[vc_row css=&#8221;.vc_custom_1681091059247{padding-top: 20px !important;}&#8221;][vc_column][cms_heading text=&#8221;Gyermekfizioter\u00e1pia&#8221; align_lg=&#8221;align-center&#8221; align_md=&#8221;align-center-md&#8221; align_sm=&#8221;align-center-sm&#8221; align_xs=&#8221;align-center-xs&#8221; font_size=&#8221;45&#8243; font_size_md=&#8221;45&#8243; font_size_sm=&#8221;45&#8243; font_size_xs=&#8221;45&#8243; font_weight=&#8221;700&#8243; divider=&#8221;divider3&#8243; text_color=&#8221;#ef82a2&#8243;][vc_empty_space][vc_row_inner][vc_column_inner width=&#8221;1\/2&#8243;][vc_single_image image=&#8221;1748&#8243; img_size=&#8221;400&#215;600&#8243; alignment=&#8221;center&#8221;][\/vc_column_inner][vc_column_inner width=&#8221;1\/2&#8243; css=&#8221;.vc_custom_1681951204905{padding-left: 30px !important;}&#8221;][vc_column_text]\n<p style=\"text-align: left;\"><strong>Miben seg\u00edt a Gyermekfizioter\u00e1pia?<\/strong><\/p>\n<p style=\"text-align: justify;\">Gyermekeink testtart\u00e1s\u00e1t, izomerej\u00e9t \u00e9s mozg\u00e1skoordin\u00e1ci\u00f3j\u00e1t fejlesztj\u00fck, mik\u00f6zben j\u00e1tszva, biztons\u00e1gos k\u00f6rnyezetben t\u00f6rt\u00e9nik a kezel\u00e9s. A speci\u00e1lis m\u00f3dszereink c\u00e9lzottan kezelik a mozg\u00e1sprobl\u00e9m\u00e1kat, jav\u00edtj\u00e1k az izomegyens\u00falyt \u00e9s t\u00e1mogatj\u00e1k a f\u00e1jdalommentes mozg\u00e1st.<\/p>\n<p style=\"text-align: left;\">\n<strong>Alkalmazott m\u00f3dszerek<\/strong><br \/>\n<strong>Gyermek FDM-ter\u00e1pia<\/strong><\/p>\n<p style=\"text-align: justify;\">Manu\u00e1lis technika az izmok \u00e9s szalagok fesz\u00fclts\u00e9geinek old\u00e1s\u00e1ra, amely el\u0151seg\u00edti a harmonikus mozg\u00e1smint\u00e1k kialakul\u00e1s\u00e1t, cs\u00f6kkenti a mozg\u00e1sszervi panaszokat, \u00e9s t\u00e1mogatja a fejl\u0151d\u0151 testtart\u00e1st.<\/p>\n<p style=\"text-align: left;\"><strong>Baba-FDM ter\u00e1pia<\/strong><\/p>\n<p style=\"text-align: justify;\">Speci\u00e1lis kezel\u00e9s a csecsem\u0151k mozg\u00e1sfejl\u0151d\u00e9s\u00e9nek t\u00e1mogat\u00e1s\u00e1ra. Seg\u00edt a nyak-, h\u00e1t- \u00e9s cs\u00edp\u0151izomzat harmonikus fejl\u0151d\u00e9s\u00e9ben, t\u00e1mogatja az izomegyens\u00falyt, \u00e9s el\u0151seg\u00edti a korai mozg\u00e1smint\u00e1k biztons\u00e1gos kialakul\u00e1s\u00e1t.<\/p>\n<p style=\"text-align: left;\"><strong>Baba viscer\u00e1lis ter\u00e1pia<\/strong><\/p>\n<p style=\"text-align: justify;\">Finom manu\u00e1lis kezel\u00e9ssel optimaliz\u00e1lja a bels\u0151 szervek m\u0171k\u00f6d\u00e9s\u00e9t, el\u0151seg\u00edtve a b\u00e9ke- \u00e9s alv\u00e1sritmust, az em\u00e9szt\u00e9si komfortot, a sz\u00e9klet- \u00e9s g\u00e1zprobl\u00e9m\u00e1k enyh\u00edt\u00e9s\u00e9t, valamint a hasi izomzat harmonikus fejl\u0151d\u00e9s\u00e9t. T\u00e1mogatja a baba \u00e1ltal\u00e1nos k\u00f6z\u00e9rzet\u00e9t \u00e9s a mozg\u00e1s szabad kialakul\u00e1s\u00e1t.<\/p>\n<p style=\"text-align: left;\"><strong>MAES-ter\u00e1pia<\/strong><\/p>\n<p style=\"text-align: justify;\">J\u00e1t\u00e9kos mozg\u00e1sfejleszt\u0151 program az egyens\u00faly, a koordin\u00e1ci\u00f3 \u00e9s a testtudat er\u0151s\u00edt\u00e9s\u00e9re. Fejleszti a gyermekek mozg\u00e1sbiztons\u00e1g\u00e1t, mozg\u00e1skoordin\u00e1ci\u00f3j\u00e1t, \u00e9s el\u0151seg\u00edti a testtart\u00e1s harmonikus fejl\u0151d\u00e9s\u00e9t, mindig az \u00e9letkorukhoz igaz\u00edtott gyakorlatokkal.<\/p>\n<p style=\"text-align: left;\"><strong>Kiknek aj\u00e1nlott?<\/strong><\/p>\n<ul style=\"text-align: left;\">\n<li>Csecsem\u0151knek \u00e9s gyermekeknek a mozg\u00e1sfejl\u0151d\u00e9s t\u00e1mogat\u00e1s\u00e1ra<\/li>\n<li>Gyermekeknek, akikn\u00e9l izomegyens\u00faly-zavar, tart\u00e1shiba vagy mozg\u00e1skorl\u00e1tozotts\u00e1g jelentkezik<\/li>\n<li>Kicsiknek, akikn\u00e9l em\u00e9szt\u00e9si probl\u00e9m\u00e1k, alv\u00e1sprobl\u00e9m\u00e1k vagy hasi panaszok jelentkeznek<\/li>\n<\/ul>\n<p style=\"text-align: left;\"><strong>Mit \u00e9rhet\u00fcnk el a ter\u00e1pi\u00e1kkal?<\/strong><\/p>\n<ul>\n<li style=\"text-align: left;\">Harmonikus mozg\u00e1smint\u00e1k kialak\u00edt\u00e1sa<\/li>\n<li style=\"text-align: left;\">Er\u0151sebb, stabilabb izomzat \u00e9s jobb testtart\u00e1s<\/li>\n<li style=\"text-align: left;\">Em\u00e9szt\u00e9si \u00e9s alv\u00e1si komfort jav\u00edt\u00e1sa<\/li>\n<li style=\"text-align: left;\">Mozg\u00e1sbiztons\u00e1g, koordin\u00e1ci\u00f3 \u00e9s testtudat fejleszt\u00e9se<\/li>\n<\/ul>\n[\/vc_column_text][\/vc_column_inner][\/vc_row_inner][\/vc_column][\/vc_row]\n<\/section>","protected":false},"excerpt":{"rendered":"<p>[vc_row css=&#8221;.vc_custom_1681091059247{padding-top: 20px !important;}&#8221;][vc_column][cms_heading text=&#8221;Gyermekfizioter\u00e1pia&#8221; align_lg=&#8221;align-center&#8221; align_md=&#8221;align-center-md&#8221; align_sm=&#8221;align-center-sm&#8221; align_xs=&#8221;align-center-xs&#8221; font_size=&#8221;45&#8243; font_size_md=&#8221;45&#8243; font_size_sm=&#8221;45&#8243; font_size_xs=&#8221;45&#8243; font_weight=&#8221;700&#8243; divider=&#8221;divider3&#8243; text_color=&#8221;#ef82a2&#8243;][vc_empty_space][vc_row_inner][vc_column_inner width=&#8221;1\/2&#8243;][vc_single_image image=&#8221;1748&#8243; img_size=&#8221;400&#215;600&#8243; alignment=&#8221;center&#8221;][\/vc_column_inner][vc_column_inner width=&#8221;1\/2&#8243; css=&#8221;.vc_custom_1681951204905{padding-left: 30px !important;}&#8221;][vc_column_text] Miben seg\u00edt a Gyermekfizioter\u00e1pia? Gyermekeink testtart\u00e1s\u00e1t, izomerej\u00e9t \u00e9s mozg\u00e1skoordin\u00e1ci\u00f3j\u00e1t fejlesztj\u00fck, mik\u00f6zben j\u00e1tszva, biztons\u00e1gos k\u00f6rnyezetben t\u00f6rt\u00e9nik a kezel\u00e9s. A speci\u00e1lis m\u00f3dszereink c\u00e9lzottan kezelik a mozg\u00e1sprobl\u00e9m\u00e1kat, jav\u00edtj\u00e1k az izomegyens\u00falyt \u00e9s t\u00e1mogatj\u00e1k a f\u00e1jdalommentes [&hellip;]<\/p>\n","protected":false},"author":4,"featured_media":0,"parent":0,"menu_order":0,"comment_status":"closed","ping_status":"closed","template":"","meta":{"footnotes":""},"class_list":["post-1745","page","type-page","status-publish","hentry"],"_links":{"self":[{"href":"https:\/\/physiotherapie-anett-balsthal.ch\/hu\/wp-json\/wp\/v2\/pages\/1745","targetHints":{"allow":["GET"]}}],"collection":[{"href":"https:\/\/physiotherapie-anett-balsthal.ch\/hu\/wp-json\/wp\/v2\/pages"}],"about":[{"href":"https:\/\/physiotherapie-anett-balsthal.ch\/hu\/wp-json\/wp\/v2\/types\/page"}],"author":[{"embeddable":true,"href":"https:\/\/physiotherapie-anett-balsthal.ch\/hu\/wp-json\/wp\/v2\/users\/4"}],"replies":[{"embeddable":true,"href":"https:\/\/physiotherapie-anett-balsthal.ch\/hu\/wp-json\/wp\/v2\/comments?post=1745"}],"version-history":[{"count":4,"href":"https:\/\/physiotherapie-anett-balsthal.ch\/hu\/wp-json\/wp\/v2\/pages\/1745\/revisions"}],"predecessor-version":[{"id":1759,"href":"https:\/\/physiotherapie-anett-balsthal.ch\/hu\/wp-json\/wp\/v2\/pages\/1745\/revisions\/1759"}],"wp:attachment":[{"href":"https:\/\/physiotherapie-anett-balsthal.ch\/hu\/wp-json\/wp\/v2\/media?parent=1745"}],"curies":[{"name":"wp","href":"https:\/\/api.w.org\/{rel}","templated":true}]}}