{"id":1743,"date":"2026-04-14T18:43:52","date_gmt":"2026-04-14T18:43:52","guid":{"rendered":"https:\/\/physiotherapie-anett-balsthal.ch\/hu\/?page_id=1743"},"modified":"2026-04-14T19:59:56","modified_gmt":"2026-04-14T19:59:56","slug":"schroth-terapia","status":"publish","type":"page","link":"https:\/\/physiotherapie-anett-balsthal.ch\/hu\/schroth-terapia\/","title":{"rendered":"Schroth-ter\u00e1pia"},"content":{"rendered":"<section class=\"wpb-content-wrapper\">[vc_row css=&#8221;.vc_custom_1681091059247{padding-top: 20px !important;}&#8221;][vc_column][cms_heading text=&#8221;Schroth-ter\u00e1pia \u2013 H\u00e1romdimenzi\u00f3s gerincter\u00e1pia scoliosis \u00e9s tart\u00e1shib\u00e1k kezel\u00e9s\u00e9re&#8221; align_lg=&#8221;align-center&#8221; align_md=&#8221;align-center-md&#8221; align_sm=&#8221;align-center-sm&#8221; align_xs=&#8221;align-center-xs&#8221; font_size=&#8221;45&#8243; font_size_md=&#8221;45&#8243; font_size_sm=&#8221;45&#8243; font_size_xs=&#8221;45&#8243; font_weight=&#8221;700&#8243; divider=&#8221;divider3&#8243; text_color=&#8221;#ef82a2&#8243;][vc_empty_space][vc_row_inner][vc_column_inner width=&#8221;1\/2&#8243;][vc_single_image image=&#8221;1749&#8243; img_size=&#8221;400&#215;600&#8243; alignment=&#8221;center&#8221;][\/vc_column_inner][vc_column_inner width=&#8221;1\/2&#8243; css=&#8221;.vc_custom_1681951204905{padding-left: 30px !important;}&#8221;][vc_column_text]\n<p style=\"text-align: justify;\">A <strong>Schroth-ter\u00e1pia<\/strong> egy egyed\u00fcl\u00e1ll\u00f3, h\u00e1romdimenzi\u00f3s fizioter\u00e1pi\u00e1s m\u00f3dszer, amely <strong>speci\u00e1lisan scoliosisra \u00e9s egy\u00e9b tart\u00e1shib\u00e1kra lett kifejlesztve.<\/strong> C\u00e9lunk, hogy <strong>er\u0151s, stabil gerincet alak\u00edtsunk ki, jav\u00edtsuk a testtart\u00e1st, \u00e9s cs\u00f6kkents\u00fck a mozg\u00e1s k\u00f6zben jelentkez\u0151 f\u00e1jdalmat.<\/strong><\/p>\n<p style=\"text-align: justify;\">A m\u00f3dszer <strong>teljesen szem\u00e9lyre szabott<\/strong>, figyelembe v\u00e9ve a gerincferd\u00fcl\u00e9s t\u00edpus\u00e1t, m\u00e9rt\u00e9k\u00e9t \u00e9s a p\u00e1ciens \u00e9letkor\u00e1t. A gyakorlatok sor\u00e1n a testet <strong>h\u00e1rom dimenzi\u00f3ban korrig\u00e1ljuk<\/strong>, mik\u00f6zben a <strong>l\u00e9gz\u00e9st \u00e9s a testtudatot<\/strong> is fejlesztj\u00fck, hogy a javul\u00e1s <strong>tart\u00f3s \u00e9s hossz\u00fa t\u00e1v\u00fa<\/strong> legyen.<\/p>\n<p style=\"text-align: justify;\"><strong>Kiknek aj\u00e1nlott?<\/strong><\/p>\n<ul>\n<li style=\"text-align: left;\">Gyermekeknek \u00e9s serd\u00fcl\u0151knek, akikn\u00e9l scoliosist vagy tart\u00e1shib\u00e1t diagnosztiz\u00e1ltak<\/li>\n<li style=\"text-align: left;\">Feln\u0151tteknek, akik gerincferd\u00fcl\u00e9ssel vagy tart\u00e1shib\u00e1val k\u00fczdenek<\/li>\n<li style=\"text-align: left;\">P\u00e1cienseknek, akik szeretn\u00e9k cs\u00f6kkenteni a gerincf\u00e1jdalmakat, jav\u00edtani testtart\u00e1sukat \u00e9s megel\u0151zni a tov\u00e1bbi elv\u00e1ltoz\u00e1sokat<\/li>\n<\/ul>\n<p style=\"text-align: justify;\"><strong>Mit v\u00e1rhat a p\u00e1ciens?<\/strong><\/p>\n<ul>\n<li style=\"text-align: left;\">Szem\u00e9lyre szabott, c\u00e9lzott gyakorlatok<\/li>\n<li style=\"text-align: left;\">A gerinc mobilit\u00e1s\u00e1nak \u00e9s stabilit\u00e1s\u00e1nak javul\u00e1sa<\/li>\n<li style=\"text-align: left;\">Tudatos testtart\u00e1s \u00e9s mozg\u00e1sfejleszt\u00e9s<\/li>\n<li style=\"text-align: left;\">Hossz\u00fa t\u00e1v\u00fa f\u00e1jdalomcs\u00f6kken\u00e9s \u00e9s \u00e9letmin\u0151s\u00e9g-javul\u00e1s<\/li>\n<\/ul>\n[\/vc_column_text][\/vc_column_inner][\/vc_row_inner][\/vc_column][\/vc_row]\n<\/section>","protected":false},"excerpt":{"rendered":"<p>[vc_row css=&#8221;.vc_custom_1681091059247{padding-top: 20px !important;}&#8221;][vc_column][cms_heading text=&#8221;Schroth-ter\u00e1pia \u2013 H\u00e1romdimenzi\u00f3s gerincter\u00e1pia scoliosis \u00e9s tart\u00e1shib\u00e1k kezel\u00e9s\u00e9re&#8221; align_lg=&#8221;align-center&#8221; align_md=&#8221;align-center-md&#8221; align_sm=&#8221;align-center-sm&#8221; align_xs=&#8221;align-center-xs&#8221; font_size=&#8221;45&#8243; font_size_md=&#8221;45&#8243; font_size_sm=&#8221;45&#8243; font_size_xs=&#8221;45&#8243; font_weight=&#8221;700&#8243; divider=&#8221;divider3&#8243; text_color=&#8221;#ef82a2&#8243;][vc_empty_space][vc_row_inner][vc_column_inner width=&#8221;1\/2&#8243;][vc_single_image image=&#8221;1749&#8243; img_size=&#8221;400&#215;600&#8243; alignment=&#8221;center&#8221;][\/vc_column_inner][vc_column_inner width=&#8221;1\/2&#8243; css=&#8221;.vc_custom_1681951204905{padding-left: 30px !important;}&#8221;][vc_column_text] A Schroth-ter\u00e1pia egy egyed\u00fcl\u00e1ll\u00f3, h\u00e1romdimenzi\u00f3s fizioter\u00e1pi\u00e1s m\u00f3dszer, amely speci\u00e1lisan scoliosisra \u00e9s egy\u00e9b tart\u00e1shib\u00e1kra lett kifejlesztve. C\u00e9lunk, hogy er\u0151s, stabil gerincet alak\u00edtsunk ki, jav\u00edtsuk a [&hellip;]<\/p>\n","protected":false},"author":4,"featured_media":0,"parent":0,"menu_order":0,"comment_status":"closed","ping_status":"closed","template":"","meta":{"footnotes":""},"class_list":["post-1743","page","type-page","status-publish","hentry"],"_links":{"self":[{"href":"https:\/\/physiotherapie-anett-balsthal.ch\/hu\/wp-json\/wp\/v2\/pages\/1743","targetHints":{"allow":["GET"]}}],"collection":[{"href":"https:\/\/physiotherapie-anett-balsthal.ch\/hu\/wp-json\/wp\/v2\/pages"}],"about":[{"href":"https:\/\/physiotherapie-anett-balsthal.ch\/hu\/wp-json\/wp\/v2\/types\/page"}],"author":[{"embeddable":true,"href":"https:\/\/physiotherapie-anett-balsthal.ch\/hu\/wp-json\/wp\/v2\/users\/4"}],"replies":[{"embeddable":true,"href":"https:\/\/physiotherapie-anett-balsthal.ch\/hu\/wp-json\/wp\/v2\/comments?post=1743"}],"version-history":[{"count":3,"href":"https:\/\/physiotherapie-anett-balsthal.ch\/hu\/wp-json\/wp\/v2\/pages\/1743\/revisions"}],"predecessor-version":[{"id":1761,"href":"https:\/\/physiotherapie-anett-balsthal.ch\/hu\/wp-json\/wp\/v2\/pages\/1743\/revisions\/1761"}],"wp:attachment":[{"href":"https:\/\/physiotherapie-anett-balsthal.ch\/hu\/wp-json\/wp\/v2\/media?parent=1743"}],"curies":[{"name":"wp","href":"https:\/\/api.w.org\/{rel}","templated":true}]}}