{"id":1161,"date":"2023-04-17T23:54:14","date_gmt":"2023-04-17T23:54:14","guid":{"rendered":"http:\/\/a.logo1.hu\/?page_id=1161"},"modified":"2025-01-16T10:50:24","modified_gmt":"2025-01-16T10:50:24","slug":"gyik","status":"publish","type":"page","link":"https:\/\/physiotherapie-anett-balsthal.ch\/hu\/gyik\/","title":{"rendered":"GYIK"},"content":{"rendered":"<section class=\"wpb-content-wrapper\">[vc_row css=&#8221;.vc_custom_1681091059247{padding-top: 20px !important;}&#8221;][vc_column][cms_heading text=&#8221;Gyakran ism\u00e9telt k\u00e9rd\u00e9sek (GYIK)&#8221; align_lg=&#8221;align-center&#8221; align_md=&#8221;align-center-md&#8221; align_sm=&#8221;align-center-sm&#8221; align_xs=&#8221;align-center-xs&#8221; font_size=&#8221;45&#8243; font_size_md=&#8221;45&#8243; font_size_sm=&#8221;45&#8243; font_size_xs=&#8221;45&#8243; font_weight=&#8221;700&#8243; divider=&#8221;divider3&#8243; text_color=&#8221;#03918f&#8221;][\/vc_column][\/vc_row][vc_row css=&#8221;.vc_custom_1681775976049{padding-top: 30px !important;}&#8221;][vc_column][vc_column_text]\n<p style=\"text-align: left;\"><strong>A fizioter\u00e1pi\u00e1t fizeti az Eg\u00e9szs\u00e9gbiztos\u00edt\u00f3?<\/strong><\/p>\n<p style=\"text-align: left;\">Igen. Ha a gy\u00f3gytorn\u00e1ra orvosi beutal\u00f3 alapj\u00e1n ker\u00fcl sor (amelyet b\u00e1rmely orvos ki\u00e1ll\u00edthat), az el\u0151\u00edrt kezel\u00e9st az \u00d6n eg\u00e9szs\u00e9gbiztos\u00edt\u00e1sa fedezi (az \u00f6nr\u00e9sz levon\u00e1sa ut\u00e1n). A fizioter\u00e1pi\u00e1t az alapeg\u00e9szs\u00e9gbiztos\u00edt\u00e1s fedezi. A kezel\u00e9s befejezte ut\u00e1n a sz\u00e1ml\u00e1t elektronikus \u00faton k\u00f6zvetlen\u00fcl az \u00d6n eg\u00e9szs\u00e9gbiztos\u00edt\u00f3j\u00e1nak k\u00fcldj\u00fck el (az eg\u00e9szs\u00e9gbiztos\u00edt\u00f3kkal k\u00f6t\u00f6tt kollekt\u00edv szerz\u0151d\u00e9sben meghat\u00e1rozottak szerint). K\u00e9r\u00e9sre sz\u00edvesen \u00e1tadjuk \u00d6nnek a sz\u00e1mla m\u00e1solat\u00e1t.<\/p>\n<p style=\"text-align: left;\">Az alapbiztos\u00edt\u00e1s nem fedezi a gy\u00f3gytorn\u00e1t beutal\u00f3 n\u00e9lk\u00fcl.<\/p>\n<p style=\"text-align: left;\"><strong>\u00a0<\/strong><\/p>\n<p style=\"text-align: left;\"><strong>Hogyan kaphatok beutal\u00f3t a fizioter\u00e1pi\u00e1ra?<\/strong><\/p>\n<p style=\"text-align: left;\">A fizioter\u00e1pi\u00e1t orvosnak kell fel\u00edrnia.<\/p>\n<p>&nbsp;<\/p>\n<p style=\"text-align: left;\"><strong>J\u00f6hetek fizioter\u00e1pi\u00e1ra beutal\u00f3 n\u00e9lk\u00fcl?<\/strong><\/p>\n<p style=\"text-align: left;\">Igen, ebben az esetben a ter\u00e1pia k\u00f6lts\u00e9geit \u00d6nnek kell fedeznie.<\/p>\n<p>&nbsp;<\/p>\n<p style=\"text-align: left;\"><strong>\u00c1rlista<\/strong><\/p>\n<p style=\"text-align: left;\">Gy\u00f3gytorna\u00a0\u00a0\u00a0\u00a0 25 perc \u00a0\u00a0\u00a0CHF 70<\/p>\n<p style=\"text-align: left;\">Gy\u00f3gytorna\u00a0\u00a0\u00a0\u00a0 55 perc \u00a0\u00a0\u00a0CHF 140<\/p>\n<p>&nbsp;<\/p>\n<p style=\"text-align: left;\"><strong>H\u00e1ny fizioter\u00e1pi\u00e1s kezel\u00e9st fedez egy orvosi beutal\u00f3?<\/strong><\/p>\n<p style=\"text-align: left;\">\u00c1ltal\u00e1ban 9 alkalom \u00e1ll a beutal\u00f3n, de az orvos bel\u00e1t\u00e1sa szerint kiv\u00e9teles esetekben t\u00f6bb vagy kevesebb kezel\u00e9st is \u00edrhat fel. Abban az esetben, ha ter\u00e1pia folytat\u00f3dik \u00faj receptre lesz sz\u00fcks\u00e9g. K\u00e9rj\u00fck, ezzel kapcsolatban forduljon k\u00f6zvetlen\u00fcl Orvos\u00e1hoz.<\/p>\n<p>&nbsp;<\/p>\n<p style=\"text-align: left;\"><strong>H\u00e1ny fizioter\u00e1pi\u00e1s beutal\u00f3t \u00edrhatnak fel \u00e9vente?<\/strong><\/p>\n<p style=\"text-align: left;\">Nincs korl\u00e1tozva a sz\u00e1ma.<\/p>\n<p style=\"text-align: left;\">Ha a ter\u00e1pia \u00f6sszesen 36 kezel\u00e9s (=4 recept) ut\u00e1n m\u00e9g nem fejez\u0151d\u00f6tt be, \u00e9s a gy\u00f3gytorn\u00e1t tov\u00e1bbra is az eg\u00e9szs\u00e9gbiztos\u00edt\u00e1snak kell fedeznie, a kezel\u0151orvosnak kell \u00e9rtes\u00edtenie az eg\u00e9szs\u00e9gbiztos\u00edt\u00e1st \u00e9s\/vagy a balesetbiztos\u00edt\u00e1st \u00e9s megindokolnia, hogy mi\u00e9rt javasolt a kezel\u00e9s folytat\u00e1sa.<\/p>\n<p>&nbsp;<\/p>\n<p style=\"text-align: left;\"><strong>Mennyi ideig tart egy fizioter\u00e1pi\u00e1s kezel\u00e9s?<\/strong><\/p>\n<p style=\"text-align: left;\">Egy kezel\u00e9s \u00e1ltal\u00e1ban 25-30 percig tart.<\/p>\n<p>&nbsp;<\/p>\n<p style=\"text-align: left;\"><strong>Mennyi ideig \u00e9rv\u00e9nyes az orvos \u00e1ltal fel\u00edrt recept?<\/strong><\/p>\n<p style=\"text-align: left;\">Az els\u0151 kezel\u00e9sre a ki\u00e1ll\u00edt\u00e1st\u00f3l sz\u00e1m\u00edtott 5 h\u00e9ten bel\u00fcl kell sort ker\u00edteni. Ha az 5 hetes id\u0151szakot elmulasztja, k\u00e9rj\u00fck, forduljon k\u00f6zvetlen\u00fcl orvos\u00e1hoz, hogy \u00faj beutal\u00f3t k\u00e9rjen.<\/p>\n<p>&nbsp;<\/p>\n<p style=\"text-align: left;\"><strong>Mi t\u00f6rt\u00e9nik, ha lemondok vagy elfelejtek egy id<\/strong><strong>\u0151<\/strong><strong>pontot?<\/strong><\/p>\n<p style=\"text-align: left;\">K\u00e9rj\u00fck, hogy legal\u00e1bb 24 \u00f3r\u00e1val az id\u0151pont el\u0151tt mondja le. Az elmulasztott vagy nem id\u0151ben lemondott id\u0151pontokat sz\u00e1ml\u00e1znunk kell.<\/p>\n<p>&nbsp;<\/p>\n<p style=\"text-align: left;\"><strong>Mit hozzak magammal az els<\/strong><strong>\u0151<\/strong><strong> kezel<\/strong><strong>\u00e9<\/strong><strong>sre?<\/strong><\/p>\n<p style=\"text-align: left;\">Az els\u0151 napra hozza mag\u00e1val az orvos \u00e1ltal fel\u00edrt receptet \u00e9s az eg\u00e9szs\u00e9gbiztos\u00edt\u00e1si k\u00e1rty\u00e1t. Ha baleset miatt utalt\u00e1k be hozz\u00e1nk, k\u00e9rj\u00fck, hozza mag\u00e1val a baleseti igazol\u00e1st a k\u00e1rig\u00e9nysz\u00e1mmal \u00e9s a baleset d\u00e1tum\u00e1val.<\/p>\n<p>&nbsp;<\/p>\n<p style=\"text-align: left;\"><strong>Id<\/strong><strong>\u0151<\/strong><strong>pontfoglal\u00e1s<\/strong><\/p>\n<p style=\"text-align: left;\">Id\u0151pontot telefonon, Whatsappon, E-mailben vagy szem\u00e9lyesen lehet foglalni\/\u00fczentet hagyni. <strong>Amennyiben nem \u00e9r el minket, k\u00e9rj\u00fck, adja meg el\u00e9rhet<\/strong><strong>\u0151<\/strong><strong>s<\/strong><strong>\u00e9<\/strong><strong>geit <\/strong><strong>\u00e9<\/strong><strong>s visszah<\/strong><strong>\u00ed<\/strong><strong>vjuk!<\/strong><\/p>\n<p>&nbsp;[\/vc_column_text][\/vc_column][\/vc_row]\n<\/section>","protected":false},"excerpt":{"rendered":"<p>[vc_row css=&#8221;.vc_custom_1681091059247{padding-top: 20px !important;}&#8221;][vc_column][cms_heading text=&#8221;Gyakran ism\u00e9telt k\u00e9rd\u00e9sek (GYIK)&#8221; align_lg=&#8221;align-center&#8221; align_md=&#8221;align-center-md&#8221; align_sm=&#8221;align-center-sm&#8221; align_xs=&#8221;align-center-xs&#8221; font_size=&#8221;45&#8243; font_size_md=&#8221;45&#8243; font_size_sm=&#8221;45&#8243; font_size_xs=&#8221;45&#8243; font_weight=&#8221;700&#8243; divider=&#8221;divider3&#8243; text_color=&#8221;#03918f&#8221;][\/vc_column][\/vc_row][vc_row css=&#8221;.vc_custom_1681775976049{padding-top: 30px !important;}&#8221;][vc_column][vc_column_text] A fizioter\u00e1pi\u00e1t fizeti az Eg\u00e9szs\u00e9gbiztos\u00edt\u00f3? Igen. Ha a gy\u00f3gytorn\u00e1ra orvosi beutal\u00f3 alapj\u00e1n ker\u00fcl sor (amelyet b\u00e1rmely orvos ki\u00e1ll\u00edthat), az el\u0151\u00edrt kezel\u00e9st az \u00d6n eg\u00e9szs\u00e9gbiztos\u00edt\u00e1sa fedezi (az \u00f6nr\u00e9sz levon\u00e1sa ut\u00e1n). A fizioter\u00e1pi\u00e1t az alapeg\u00e9szs\u00e9gbiztos\u00edt\u00e1s [&hellip;]<\/p>\n","protected":false},"author":4,"featured_media":0,"parent":0,"menu_order":0,"comment_status":"closed","ping_status":"closed","template":"","meta":{"footnotes":""},"class_list":["post-1161","page","type-page","status-publish","hentry"],"_links":{"self":[{"href":"https:\/\/physiotherapie-anett-balsthal.ch\/hu\/wp-json\/wp\/v2\/pages\/1161","targetHints":{"allow":["GET"]}}],"collection":[{"href":"https:\/\/physiotherapie-anett-balsthal.ch\/hu\/wp-json\/wp\/v2\/pages"}],"about":[{"href":"https:\/\/physiotherapie-anett-balsthal.ch\/hu\/wp-json\/wp\/v2\/types\/page"}],"author":[{"embeddable":true,"href":"https:\/\/physiotherapie-anett-balsthal.ch\/hu\/wp-json\/wp\/v2\/users\/4"}],"replies":[{"embeddable":true,"href":"https:\/\/physiotherapie-anett-balsthal.ch\/hu\/wp-json\/wp\/v2\/comments?post=1161"}],"version-history":[{"count":9,"href":"https:\/\/physiotherapie-anett-balsthal.ch\/hu\/wp-json\/wp\/v2\/pages\/1161\/revisions"}],"predecessor-version":[{"id":1622,"href":"https:\/\/physiotherapie-anett-balsthal.ch\/hu\/wp-json\/wp\/v2\/pages\/1161\/revisions\/1622"}],"wp:attachment":[{"href":"https:\/\/physiotherapie-anett-balsthal.ch\/hu\/wp-json\/wp\/v2\/media?parent=1161"}],"curies":[{"name":"wp","href":"https:\/\/api.w.org\/{rel}","templated":true}]}}