{"id":1058,"date":"2023-04-08T22:10:31","date_gmt":"2023-04-08T22:10:31","guid":{"rendered":"http:\/\/localhost:8080\/?page_id=1058"},"modified":"2023-04-12T00:36:42","modified_gmt":"2023-04-12T00:36:42","slug":"appointment","status":"publish","type":"page","link":"https:\/\/physiotherapie-anett-balsthal.ch\/hu\/appointment\/","title":{"rendered":"Foglal\u00e1s"},"content":{"rendered":"<section class=\"wpb-content-wrapper\">[vc_row css=&#8221;.vc_custom_1681091059247{padding-top: 20px !important;}&#8221;][vc_column][cms_heading text=&#8221;Id\u0151pontfoglal\u00e1s&#8221; align_lg=&#8221;align-center&#8221; align_md=&#8221;align-center-md&#8221; align_sm=&#8221;align-center-sm&#8221; align_xs=&#8221;align-center-xs&#8221; font_size=&#8221;45&#8243; font_size_md=&#8221;45&#8243; font_size_sm=&#8221;45&#8243; font_size_xs=&#8221;45&#8243; font_weight=&#8221;700&#8243; divider=&#8221;divider3&#8243; text_color=&#8221;#03918f&#8221;]\n<div class=\"wpcf7 no-js\" id=\"wpcf7-f1057-o1\" lang=\"en-US\" dir=\"ltr\">\n<div class=\"screen-reader-response\"><p role=\"status\" aria-live=\"polite\" aria-atomic=\"true\"><\/p> <ul><\/ul><\/div>\n<form action=\"\/hu\/wp-json\/wp\/v2\/pages\/1058#wpcf7-f1057-o1\" method=\"post\" class=\"wpcf7-form init\" aria-label=\"Contact form\" novalidate=\"novalidate\" data-status=\"init\">\n<div style=\"display: none;\">\n<input type=\"hidden\" name=\"_wpcf7\" value=\"1057\" \/>\n<input type=\"hidden\" name=\"_wpcf7_version\" value=\"5.8.1\" \/>\n<input type=\"hidden\" name=\"_wpcf7_locale\" value=\"en_US\" \/>\n<input type=\"hidden\" name=\"_wpcf7_unit_tag\" value=\"wpcf7-f1057-o1\" \/>\n<input type=\"hidden\" name=\"_wpcf7_container_post\" value=\"0\" \/>\n<input type=\"hidden\" name=\"_wpcf7_posted_data_hash\" value=\"\" \/>\n<\/div>\n<div class=\"columns_wrap cust_mrg\">\n\t<div class=\"column-1_4\">\n\t\t<div class=\"decor\">\n\t\t\t<p><span class=\"wpcf7-form-control-wrap\" data-name=\"your-name\"><input size=\"40\" class=\"wpcf7-form-control wpcf7-text wpcf7-validates-as-required\" aria-required=\"true\" aria-invalid=\"false\" placeholder=\"N\u00e9v\" value=\"\" type=\"text\" name=\"your-name\" \/><\/span>\n\t\t\t<\/p>\n\t\t<\/div>\n\t<\/div>\n\t<div class=\"column-1_4\">\n\t\t<div class=\"decor\">\n\t\t\t<p><span class=\"wpcf7-form-control-wrap\" data-name=\"your-date\"><input size=\"40\" class=\"wpcf7-form-control wpcf7-text wpcf7-validates-as-required\" aria-required=\"true\" aria-invalid=\"false\" placeholder=\"Sz\u00fclet\u00e9si d\u00e1tum\" value=\"\" type=\"text\" name=\"your-date\" \/><\/span>\n\t\t\t<\/p>\n\t\t<\/div>\n\t<\/div>\n\t<div class=\"column-1_4\">\n\t\t<div class=\"decor\">\n\t\t\t<p><span class=\"wpcf7-form-control-wrap\" data-name=\"your-diagnosis\"><input size=\"40\" class=\"wpcf7-form-control wpcf7-text wpcf7-validates-as-required\" aria-required=\"true\" aria-invalid=\"false\" placeholder=\"Diagn\u00f3zis\" value=\"\" type=\"text\" name=\"your-diagnosis\" \/><\/span>\n\t\t\t<\/p>\n\t\t<\/div>\n\t<\/div>\n<\/div>\n<div class=\"column-1_4\">\n\t<div class=\"decor\">\n\t\t<p><span class=\"wpcf7-form-control-wrap\" data-name=\"your-city\"><input size=\"40\" class=\"wpcf7-form-control wpcf7-text wpcf7-validates-as-required\" aria-required=\"true\" aria-invalid=\"false\" placeholder=\"V\u00e1ros\" value=\"\" type=\"text\" name=\"your-city\" \/><\/span>\n\t\t<\/p>\n\t<\/div>\n<\/div>\n<div class=\"column-1_4\">\n\t<div class=\"decor\">\n\t\t<p><span class=\"wpcf7-form-control-wrap\" data-name=\"your-address\"><input size=\"40\" class=\"wpcf7-form-control wpcf7-text wpcf7-validates-as-required\" aria-required=\"true\" aria-invalid=\"false\" placeholder=\"Utca, h\u00e1zsz\u00e1m\" value=\"\" type=\"text\" name=\"your-address\" \/><\/span>\n\t\t<\/p>\n\t<\/div>\n<\/div>\n<div class=\"columns_wrap cust_mrg\">\n\t<div class=\"column-1_4\">\n\t\t<div class=\"decor\">\n\t\t\t<p><span class=\"wpcf7-form-control-wrap\" data-name=\"your-postcode\"><input size=\"40\" class=\"wpcf7-form-control wpcf7-text wpcf7-validates-as-required\" aria-required=\"true\" aria-invalid=\"false\" placeholder=\"Ir\u00e1ny\u00edt\u00f3sz\u00e1m\" value=\"\" type=\"text\" name=\"your-postcode\" \/><\/span>\n\t\t\t<\/p>\n\t\t<\/div>\n\t<\/div>\n\t<div class=\"column-1_4\">\n\t\t<div class=\"decor\">\n\t\t\t<p><span class=\"wpcf7-form-control-wrap\" data-name=\"your-phone\"><input size=\"40\" class=\"wpcf7-form-control wpcf7-tel wpcf7-validates-as-required wpcf7-text wpcf7-validates-as-tel\" aria-required=\"true\" aria-invalid=\"false\" placeholder=\"Telefonsz\u00e1m\" value=\"\" type=\"tel\" name=\"your-phone\" \/><\/span>\n\t\t\t<\/p>\n\t\t<\/div>\n\t<\/div>\n\t<div class=\"column-1_4\">\n\t\t<div class=\"decor\">\n\t\t\t<p><span class=\"wpcf7-form-control-wrap\" data-name=\"your-email\"><input size=\"40\" class=\"wpcf7-form-control wpcf7-email wpcf7-validates-as-required wpcf7-text wpcf7-validates-as-email\" aria-required=\"true\" aria-invalid=\"false\" placeholder=\"E-mail\" value=\"\" type=\"email\" name=\"your-email\" \/><\/span>\n\t\t\t<\/p>\n\t\t<\/div>\n\t<\/div>\n\t<div class=\"column-1_4\">\n\t\t<div class=\"decor\">\n\t\t\t<p><span class=\"wpcf7-form-control-wrap\" data-name=\"your-datum\"><input size=\"40\" class=\"wpcf7-form-control wpcf7-text wpcf7-validates-as-required\" aria-required=\"true\" aria-invalid=\"false\" placeholder=\"D\u00e1tum\" value=\"\" type=\"text\" name=\"your-datum\" \/><\/span>\n\t\t\t<\/p>\n\t\t<\/div>\n\t<\/div>\n<\/div>\n<div class=\"columns_wrap\">\n\t<div class=\"column-1_1\">\n\t\t<p><span class=\"wpcf7-form-control-wrap\" data-name=\"your-textarea\"><textarea cols=\"40\" rows=\"10\" class=\"wpcf7-form-control wpcf7-textarea\" aria-invalid=\"false\" placeholder=\"\u00dczenet\" name=\"your-textarea\"><\/textarea><\/span>\n\t\t<\/p>\n\t<\/div>\n<\/div>\n<div class=\"columns_wrap\">\n\t<div class=\"column-1_1\">\n\t\t<p class=\"description\"><b>K\u00e9rj\u00fck, minden mez\u0151t t\u00f6lts\u00f6n ki! <\/b>\n\t\t<\/p>\n\t\t<p> Id\u0151pontot telefonon, Whatsappon, E-mailben vagy szem\u00e9lyesen lehet foglalni\/\u00fczenetet hagyni.\n\t\t<\/p>\n\t\t<p><b>Amennyiben nem \u00e9r el minket, k\u00e9rj\u00fck, adja meg el\u00e9rhet\u0151s\u00e9geit \u00e9s visszah\u00edvjuk.<\/b>\n\t\t<\/p>\n\t<\/div>\n\t<div class=\"columns_wrap\">\n\t\t<div class=\"column-1_1 center\">\n\t\t\t<p><input class=\"wpcf7-form-control wpcf7-submit has-spinner\" type=\"submit\" value=\"K\u00fcld\u00e9s\" \/>\n\t\t\t<\/p>\n\t\t<\/div>\n\t<\/div>\n<\/div><div class=\"wpcf7-response-output\" aria-hidden=\"true\"><\/div>\n<\/form>\n<\/div>\n[\/vc_column][\/vc_row]\n<\/section>","protected":false},"excerpt":{"rendered":"<p>[vc_row css=&#8221;.vc_custom_1681091059247{padding-top: 20px !important;}&#8221;][vc_column][cms_heading text=&#8221;Id\u0151pontfoglal\u00e1s&#8221; align_lg=&#8221;align-center&#8221; align_md=&#8221;align-center-md&#8221; align_sm=&#8221;align-center-sm&#8221; align_xs=&#8221;align-center-xs&#8221; font_size=&#8221;45&#8243; font_size_md=&#8221;45&#8243; font_size_sm=&#8221;45&#8243; font_size_xs=&#8221;45&#8243; font_weight=&#8221;700&#8243; divider=&#8221;divider3&#8243; text_color=&#8221;#03918f&#8221;][\/vc_column][\/vc_row]<\/p>\n","protected":false},"author":4,"featured_media":0,"parent":0,"menu_order":0,"comment_status":"closed","ping_status":"closed","template":"","meta":{"footnotes":""},"class_list":["post-1058","page","type-page","status-publish","hentry"],"_links":{"self":[{"href":"https:\/\/physiotherapie-anett-balsthal.ch\/hu\/wp-json\/wp\/v2\/pages\/1058","targetHints":{"allow":["GET"]}}],"collection":[{"href":"https:\/\/physiotherapie-anett-balsthal.ch\/hu\/wp-json\/wp\/v2\/pages"}],"about":[{"href":"https:\/\/physiotherapie-anett-balsthal.ch\/hu\/wp-json\/wp\/v2\/types\/page"}],"author":[{"embeddable":true,"href":"https:\/\/physiotherapie-anett-balsthal.ch\/hu\/wp-json\/wp\/v2\/users\/4"}],"replies":[{"embeddable":true,"href":"https:\/\/physiotherapie-anett-balsthal.ch\/hu\/wp-json\/wp\/v2\/comments?post=1058"}],"version-history":[{"count":5,"href":"https:\/\/physiotherapie-anett-balsthal.ch\/hu\/wp-json\/wp\/v2\/pages\/1058\/revisions"}],"predecessor-version":[{"id":1129,"href":"https:\/\/physiotherapie-anett-balsthal.ch\/hu\/wp-json\/wp\/v2\/pages\/1058\/revisions\/1129"}],"wp:attachment":[{"href":"https:\/\/physiotherapie-anett-balsthal.ch\/hu\/wp-json\/wp\/v2\/media?parent=1058"}],"curies":[{"name":"wp","href":"https:\/\/api.w.org\/{rel}","templated":true}]}}